{"id":25,"date":"2024-02-03T22:43:36","date_gmt":"2024-02-03T21:43:36","guid":{"rendered":"https:\/\/agence31-architecte.fr\/?page_id=25"},"modified":"2024-03-07T15:50:36","modified_gmt":"2024-03-07T14:50:36","slug":"contact","status":"publish","type":"page","link":"https:\/\/agence31-architecte.fr\/?page_id=25","title":{"rendered":"Contact"},"content":{"rendered":"\n<p>Adresse postale: <strong>42 rue de la Filature 59350 Saint-Andr\u00e9-lez-Lille<\/strong> <\/p>\n\n\n\n<p>Acc\u00e8s et stationnement &#8211; Parking Hall U Need \/ Brique House au 26 rue F\u00e9lix Faure \u00e0 Saint-Andr\u00e9-lez-Lille<\/p>\n\n\n\n<p><strong>03.20.70.50.83 &#8211; contact@agence31-architecte.fr<\/strong><\/p>\n\n\n\n<p>Nos bureaux se situent dans l&rsquo;ancien site textile de la Filature \u00e0 Saint-Andr\u00e9-lez-Lille, au c\u0153ur d&rsquo;un site patrimonial exceptionnel, cr\u00e9atif et dynamique! Nous vous y accueillons avec plaisir pour discuter de vos projets.<\/p>\n\n\n<div class=\"wp-block-image\">\n<figure class=\"aligncenter size-large is-resized\"><img loading=\"lazy\" decoding=\"async\" width=\"1024\" height=\"1024\" src=\"https:\/\/agence31-architecte.fr\/wp-content\/uploads\/2024\/02\/mapsAG31-1024x1024.jpg\" alt=\"\" class=\"wp-image-147\" style=\"width:633px;height:auto\" srcset=\"https:\/\/agence31-architecte.fr\/wp-content\/uploads\/2024\/02\/mapsAG31-1024x1024.jpg 1024w, https:\/\/agence31-architecte.fr\/wp-content\/uploads\/2024\/02\/mapsAG31-300x300.jpg 300w, https:\/\/agence31-architecte.fr\/wp-content\/uploads\/2024\/02\/mapsAG31-150x150.jpg 150w, https:\/\/agence31-architecte.fr\/wp-content\/uploads\/2024\/02\/mapsAG31-768x768.jpg 768w, https:\/\/agence31-architecte.fr\/wp-content\/uploads\/2024\/02\/mapsAG31-1536x1536.jpg 1536w, https:\/\/agence31-architecte.fr\/wp-content\/uploads\/2024\/02\/mapsAG31-2048x2048.jpg 2048w\" sizes=\"auto, (max-width: 1024px) 100vw, 1024px\" \/><\/figure>\n<\/div>","protected":false},"excerpt":{"rendered":"<p>Adresse postale: 42 rue de la Filature 59350 Saint-Andr\u00e9-lez-Lille Acc\u00e8s et stationnement &#8211; Parking Hall U Need \/ Brique House au 26 rue F\u00e9lix Faure \u00e0 Saint-Andr\u00e9-lez-Lille 03.20.70.50.83 &#8211; contact@agence31-architecte.fr Nos bureaux se situent dans l&rsquo;ancien site textile de la Filature \u00e0 Saint-Andr\u00e9-lez-Lille, au c\u0153ur d&rsquo;un site patrimonial exceptionnel, cr\u00e9atif et dynamique! Nous vous y&hellip;&nbsp;<a href=\"https:\/\/agence31-architecte.fr\/?page_id=25\" class=\"\" rel=\"bookmark\">Lire la suite &raquo;<span class=\"screen-reader-text\">Contact<\/span><\/a><\/p>\n","protected":false},"author":1,"featured_media":0,"parent":0,"menu_order":0,"comment_status":"closed","ping_status":"closed","template":"","meta":{"neve_meta_sidebar":"","neve_meta_container":"","neve_meta_enable_content_width":"","neve_meta_content_width":0,"neve_meta_title_alignment":"","neve_meta_author_avatar":"","neve_post_elements_order":"","neve_meta_disable_header":"","neve_meta_disable_footer":"","neve_meta_disable_title":"","footnotes":""},"class_list":["post-25","page","type-page","status-publish","hentry"],"_links":{"self":[{"href":"https:\/\/agence31-architecte.fr\/index.php?rest_route=\/wp\/v2\/pages\/25","targetHints":{"allow":["GET"]}}],"collection":[{"href":"https:\/\/agence31-architecte.fr\/index.php?rest_route=\/wp\/v2\/pages"}],"about":[{"href":"https:\/\/agence31-architecte.fr\/index.php?rest_route=\/wp\/v2\/types\/page"}],"author":[{"embeddable":true,"href":"https:\/\/agence31-architecte.fr\/index.php?rest_route=\/wp\/v2\/users\/1"}],"replies":[{"embeddable":true,"href":"https:\/\/agence31-architecte.fr\/index.php?rest_route=%2Fwp%2Fv2%2Fcomments&post=25"}],"version-history":[{"count":11,"href":"https:\/\/agence31-architecte.fr\/index.php?rest_route=\/wp\/v2\/pages\/25\/revisions"}],"predecessor-version":[{"id":365,"href":"https:\/\/agence31-architecte.fr\/index.php?rest_route=\/wp\/v2\/pages\/25\/revisions\/365"}],"wp:attachment":[{"href":"https:\/\/agence31-architecte.fr\/index.php?rest_route=%2Fwp%2Fv2%2Fmedia&parent=25"}],"curies":[{"name":"wp","href":"https:\/\/api.w.org\/{rel}","templated":true}]}}